{"id":38788,"date":"2021-03-31T21:41:16","date_gmt":"2021-03-31T20:41:16","guid":{"rendered":"https:\/\/preprod.envol-vert.org\/?page_id=38788"},"modified":"2025-07-11T22:04:20","modified_gmt":"2025-07-11T20:04:20","slug":"regimen-tributario-especial","status":"publish","type":"page","link":"https:\/\/preprod.envol-vert.org\/es\/regimen-tributario-especial\/","title":{"rendered":"R\u00e9gimen tributario especial"},"content":{"rendered":"<div class=\"fusion-fullwidth fullwidth-box fusion-builder-row-1 fusion-flex-container hundred-percent-fullwidth non-hundred-percent-height-scrolling\" style=\"--awb-border-radius-top-left:0px;--awb-border-radius-top-right:0px;--awb-border-radius-bottom-right:0px;--awb-border-radius-bottom-left:0px;--awb-flex-wrap:wrap;\" ><div class=\"fusion-builder-row fusion-row fusion-flex-align-items-flex-start fusion-flex-content-wrap\" style=\"width:104% !important;max-width:104% !important;margin-left: calc(-4% \/ 2 );margin-right: calc(-4% \/ 2 );\"><div class=\"fusion-layout-column fusion_builder_column fusion-builder-column-0 fusion_builder_column_1_1 1_1 fusion-flex-column\" style=\"--awb-bg-size:cover;--awb-width-large:100%;--awb-margin-top-large:0px;--awb-spacing-right-large:1.92%;--awb-margin-bottom-large:20px;--awb-spacing-left-large:1.92%;--awb-width-medium:100%;--awb-order-medium:0;--awb-spacing-right-medium:1.92%;--awb-spacing-left-medium:1.92%;--awb-width-small:100%;--awb-order-small:0;--awb-spacing-right-small:1.92%;--awb-spacing-left-small:1.92%;\"><div class=\"fusion-column-wrapper fusion-column-has-shadow fusion-flex-justify-content-flex-start fusion-content-layout-column\"><div class=\"fusion-text fusion-text-1\"><p style=\"text-align: center;\"><span style=\"font-weight: 400;\">Envol Vert est\u00e1 cumpliendo con la normatividad colombiana en relaci\u00f3n con el R\u00e9gimen tributario especial : <\/span><\/p>\n<\/div><\/div><\/div><div class=\"fusion-layout-column fusion_builder_column fusion-builder-column-1 fusion_builder_column_1_5 1_5 fusion-flex-column fusion-flex-align-self-stretch\" style=\"--awb-padding-top:5%;--awb-padding-right:5%;--awb-padding-bottom:5%;--awb-padding-left:5%;--awb-bg-color:rgba(154,206,163,0.32);--awb-bg-color-hover:rgba(154,206,163,0.32);--awb-bg-size:cover;--awb-width-large:20%;--awb-margin-top-large:0px;--awb-spacing-right-large:9.6%;--awb-margin-bottom-large:20px;--awb-spacing-left-large:9.6%;--awb-width-medium:100%;--awb-order-medium:0;--awb-spacing-right-medium:1.92%;--awb-spacing-left-medium:1.92%;--awb-width-small:100%;--awb-order-small:0;--awb-spacing-right-small:1.92%;--awb-spacing-left-small:1.92%;\"><div class=\"fusion-column-wrapper fusion-column-has-shadow fusion-flex-justify-content-space-around fusion-content-layout-column\"><div class=\"fusion-text fusion-text-2\" style=\"--awb-text-transform:none;\"><p style=\"text-align: center; margin-bottom: 5%;\"><em>Estados financieros 2023-2024<\/em><\/p>\n<\/div><div class=\"fusion-image-element \" style=\"--awb-caption-title-font-family:var(--h2_typography-font-family);--awb-caption-title-font-weight:var(--h2_typography-font-weight);--awb-caption-title-font-style:var(--h2_typography-font-style);--awb-caption-title-size:var(--h2_typography-font-size);--awb-caption-title-transform:var(--h2_typography-text-transform);--awb-caption-title-line-height:var(--h2_typography-line-height);--awb-caption-title-letter-spacing:var(--h2_typography-letter-spacing);--awb-filter:opacity(100%);--awb-filter-transition:filter 0.3s ease;--awb-filter-hover:opacity(50%);\"><span class=\" fusion-imageframe imageframe-none imageframe-1 hover-type-none\" style=\"border:1px solid #076633;\"><a class=\"fusion-no-lightbox\" href=\"https:\/\/drive.google.com\/file\/d\/1-vrhYiUPch0ASDkdiiTqxGTInM5DNFkv\/view?usp=sharing\" target=\"_blank\" aria-label=\"Estados financieros_2023-2024\" rel=\"noopener noreferrer\"><img decoding=\"async\" width=\"600\" height=\"800\" src=\"https:\/\/preprod.envol-vert.org\/wp-content\/uploads\/2025\/07\/Estados-financieros_2023-2024.jpg\" alt class=\"img-responsive wp-image-53211\" srcset=\"https:\/\/preprod.envol-vert.org\/wp-content\/uploads\/2025\/07\/Estados-financieros_2023-2024-200x267.jpg 200w, https:\/\/preprod.envol-vert.org\/wp-content\/uploads\/2025\/07\/Estados-financieros_2023-2024-400x533.jpg 400w, https:\/\/preprod.envol-vert.org\/wp-content\/uploads\/2025\/07\/Estados-financieros_2023-2024.jpg 600w\" sizes=\"(max-width: 1024px) 100vw, (max-width: 640px) 100vw, 200px\" \/><\/a><\/span><\/div><\/div><\/div><div class=\"fusion-layout-column fusion_builder_column fusion-builder-column-2 fusion_builder_column_1_5 1_5 fusion-flex-column fusion-flex-align-self-stretch\" style=\"--awb-padding-top:5%;--awb-padding-right:5%;--awb-padding-bottom:5%;--awb-padding-left:5%;--awb-bg-color:rgba(154,206,163,0.32);--awb-bg-color-hover:rgba(154,206,163,0.32);--awb-bg-size:cover;--awb-width-large:20%;--awb-margin-top-large:0px;--awb-spacing-right-large:9.6%;--awb-margin-bottom-large:20px;--awb-spacing-left-large:9.6%;--awb-width-medium:100%;--awb-order-medium:0;--awb-spacing-right-medium:1.92%;--awb-spacing-left-medium:1.92%;--awb-width-small:100%;--awb-order-small:0;--awb-spacing-right-small:1.92%;--awb-spacing-left-small:1.92%;\"><div class=\"fusion-column-wrapper fusion-column-has-shadow fusion-flex-justify-content-space-around fusion-content-layout-column\"><div class=\"fusion-text fusion-text-3\" style=\"--awb-text-transform:none;\"><p style=\"text-align: center; margin-bottom: 5%;\"><em>Informe de gesti\u00f3n &#8211; 2024<\/em><\/p>\n<\/div><div class=\"fusion-image-element \" style=\"--awb-caption-title-font-family:var(--h2_typography-font-family);--awb-caption-title-font-weight:var(--h2_typography-font-weight);--awb-caption-title-font-style:var(--h2_typography-font-style);--awb-caption-title-size:var(--h2_typography-font-size);--awb-caption-title-transform:var(--h2_typography-text-transform);--awb-caption-title-line-height:var(--h2_typography-line-height);--awb-caption-title-letter-spacing:var(--h2_typography-letter-spacing);--awb-filter:opacity(100%);--awb-filter-transition:filter 0.3s ease;--awb-filter-hover:opacity(50%);\"><span class=\" fusion-imageframe imageframe-none imageframe-2 hover-type-none\" style=\"border:1px solid #076633;\"><a class=\"fusion-no-lightbox\" href=\"https:\/\/drive.google.com\/file\/d\/10Nx7P0k79aKzcsjFEYeV0NnW5LBgiHdx\/view?usp=sharing\" target=\"_blank\" aria-label=\"Informe de gestion_2024\" rel=\"noopener noreferrer\"><img decoding=\"async\" width=\"600\" height=\"800\" src=\"https:\/\/preprod.envol-vert.org\/wp-content\/uploads\/2025\/07\/Informe-de-gestion_2024.jpg\" alt class=\"img-responsive wp-image-53214\" srcset=\"https:\/\/preprod.envol-vert.org\/wp-content\/uploads\/2025\/07\/Informe-de-gestion_2024-200x267.jpg 200w, https:\/\/preprod.envol-vert.org\/wp-content\/uploads\/2025\/07\/Informe-de-gestion_2024-400x533.jpg 400w, https:\/\/preprod.envol-vert.org\/wp-content\/uploads\/2025\/07\/Informe-de-gestion_2024.jpg 600w\" sizes=\"(max-width: 1024px) 100vw, (max-width: 640px) 100vw, 200px\" \/><\/a><\/span><\/div><\/div><\/div><div class=\"fusion-layout-column fusion_builder_column fusion-builder-column-3 fusion_builder_column_1_5 1_5 fusion-flex-column fusion-flex-align-self-stretch\" style=\"--awb-padding-top:5%;--awb-padding-right:5%;--awb-padding-bottom:5%;--awb-padding-left:5%;--awb-bg-color:rgba(154,206,163,0.32);--awb-bg-color-hover:rgba(154,206,163,0.32);--awb-bg-size:cover;--awb-width-large:20%;--awb-margin-top-large:0px;--awb-spacing-right-large:9.6%;--awb-margin-bottom-large:20px;--awb-spacing-left-large:9.6%;--awb-width-medium:100%;--awb-order-medium:0;--awb-spacing-right-medium:1.92%;--awb-spacing-left-medium:1.92%;--awb-width-small:100%;--awb-order-small:0;--awb-spacing-right-small:1.92%;--awb-spacing-left-small:1.92%;\"><div class=\"fusion-column-wrapper fusion-column-has-shadow fusion-flex-justify-content-space-around fusion-content-layout-column\"><div class=\"fusion-text fusion-text-4\" style=\"--awb-text-transform:none;\"><p style=\"text-align: center; margin-bottom: 5%;\"><em>Certificado requisitos &#8211; 20\/06\/2025<\/em><\/p>\n<\/div><div class=\"fusion-image-element \" style=\"--awb-caption-title-font-family:var(--h2_typography-font-family);--awb-caption-title-font-weight:var(--h2_typography-font-weight);--awb-caption-title-font-style:var(--h2_typography-font-style);--awb-caption-title-size:var(--h2_typography-font-size);--awb-caption-title-transform:var(--h2_typography-text-transform);--awb-caption-title-line-height:var(--h2_typography-line-height);--awb-caption-title-letter-spacing:var(--h2_typography-letter-spacing);--awb-filter:opacity(100%);--awb-filter-transition:filter 0.3s ease;--awb-filter-hover:opacity(50%);\"><span class=\" fusion-imageframe imageframe-none imageframe-3 hover-type-none\" style=\"border:1px solid #076633;\"><a href=\"https:\/\/preprod.envol-vert.org\/wp-content\/uploads\/2025\/06\/Certificacion-cumplimiento-requisitos-RL.png\" class=\"fusion-lightbox\" data-rel=\"iLightbox[9dabc27f283cd570b01]\" data-title=\"Certificaci\u00f3n cumplimiento requisitos RL.\" title=\"Certificaci\u00f3n cumplimiento requisitos RL.\"><img decoding=\"async\" width=\"744\" height=\"1060\" src=\"https:\/\/preprod.envol-vert.org\/wp-content\/uploads\/2025\/06\/Certificacion-cumplimiento-requisitos-RL.png\" alt class=\"img-responsive wp-image-53164\" srcset=\"https:\/\/preprod.envol-vert.org\/wp-content\/uploads\/2025\/06\/Certificacion-cumplimiento-requisitos-RL-200x285.png 200w, https:\/\/preprod.envol-vert.org\/wp-content\/uploads\/2025\/06\/Certificacion-cumplimiento-requisitos-RL-400x570.png 400w, https:\/\/preprod.envol-vert.org\/wp-content\/uploads\/2025\/06\/Certificacion-cumplimiento-requisitos-RL-600x855.png 600w, https:\/\/preprod.envol-vert.org\/wp-content\/uploads\/2025\/06\/Certificacion-cumplimiento-requisitos-RL.png 744w\" sizes=\"(max-width: 1024px) 100vw, (max-width: 640px) 100vw, 200px\" \/><\/a><\/span><\/div><\/div><\/div><div class=\"fusion-layout-column fusion_builder_column fusion-builder-column-4 fusion_builder_column_1_5 1_5 fusion-flex-column fusion-flex-align-self-stretch\" style=\"--awb-padding-top:5%;--awb-padding-right:5%;--awb-padding-bottom:5%;--awb-padding-left:5%;--awb-bg-color:rgba(154,206,163,0.32);--awb-bg-color-hover:rgba(154,206,163,0.32);--awb-bg-size:cover;--awb-width-large:20%;--awb-margin-top-large:0px;--awb-spacing-right-large:9.6%;--awb-margin-bottom-large:20px;--awb-spacing-left-large:9.6%;--awb-width-medium:100%;--awb-order-medium:0;--awb-spacing-right-medium:1.92%;--awb-spacing-left-medium:1.92%;--awb-width-small:100%;--awb-order-small:0;--awb-spacing-right-small:1.92%;--awb-spacing-left-small:1.92%;\"><div class=\"fusion-column-wrapper fusion-column-has-shadow fusion-flex-justify-content-space-around fusion-content-layout-column\"><div class=\"fusion-text fusion-text-5\" style=\"--awb-text-transform:none;\"><p style=\"text-align: center; margin-bottom: 5%;\"><em>Certificado de antecedentes diretivos &#8211; 20\/06\/2025<\/em><\/p>\n<\/div><div class=\"fusion-image-element \" style=\"--awb-caption-title-font-family:var(--h2_typography-font-family);--awb-caption-title-font-weight:var(--h2_typography-font-weight);--awb-caption-title-font-style:var(--h2_typography-font-style);--awb-caption-title-size:var(--h2_typography-font-size);--awb-caption-title-transform:var(--h2_typography-text-transform);--awb-caption-title-line-height:var(--h2_typography-line-height);--awb-caption-title-letter-spacing:var(--h2_typography-letter-spacing);--awb-filter:opacity(100%);--awb-filter-transition:filter 0.3s ease;--awb-filter-hover:opacity(50%);\"><span class=\" fusion-imageframe imageframe-none imageframe-4 hover-type-none\" style=\"border:1px solid #076633;\"><a href=\"https:\/\/preprod.envol-vert.org\/wp-content\/uploads\/2025\/06\/Certificado-representante-legal-antecedentes-directivos.png\" class=\"fusion-lightbox\" data-rel=\"iLightbox[00f61b6155a9e3c3ece]\" data-title=\"Certificado representante legal antecedentes directivos\" title=\"Certificado representante legal antecedentes directivos\"><img decoding=\"async\" width=\"814\" height=\"1056\" src=\"https:\/\/preprod.envol-vert.org\/wp-content\/uploads\/2025\/06\/Certificado-representante-legal-antecedentes-directivos.png\" alt class=\"img-responsive wp-image-53160\" srcset=\"https:\/\/preprod.envol-vert.org\/wp-content\/uploads\/2025\/06\/Certificado-representante-legal-antecedentes-directivos-200x259.png 200w, https:\/\/preprod.envol-vert.org\/wp-content\/uploads\/2025\/06\/Certificado-representante-legal-antecedentes-directivos-400x519.png 400w, https:\/\/preprod.envol-vert.org\/wp-content\/uploads\/2025\/06\/Certificado-representante-legal-antecedentes-directivos-600x778.png 600w, https:\/\/preprod.envol-vert.org\/wp-content\/uploads\/2025\/06\/Certificado-representante-legal-antecedentes-directivos-800x1038.png 800w, https:\/\/preprod.envol-vert.org\/wp-content\/uploads\/2025\/06\/Certificado-representante-legal-antecedentes-directivos.png 814w\" sizes=\"(max-width: 1024px) 100vw, (max-width: 640px) 100vw, 200px\" \/><\/a><\/span><\/div><\/div><\/div><div class=\"fusion-layout-column fusion_builder_column fusion-builder-column-5 fusion_builder_column_1_5 1_5 fusion-flex-column fusion-flex-align-self-stretch\" style=\"--awb-padding-top:5%;--awb-padding-right:5%;--awb-padding-bottom:5%;--awb-padding-left:5%;--awb-bg-color:rgba(154,206,163,0.32);--awb-bg-color-hover:rgba(154,206,163,0.32);--awb-bg-size:cover;--awb-width-large:20%;--awb-margin-top-large:0px;--awb-spacing-right-large:9.6%;--awb-margin-bottom-large:20px;--awb-spacing-left-large:9.6%;--awb-width-medium:100%;--awb-order-medium:0;--awb-spacing-right-medium:1.92%;--awb-spacing-left-medium:1.92%;--awb-width-small:100%;--awb-order-small:0;--awb-spacing-right-small:1.92%;--awb-spacing-left-small:1.92%;\"><div class=\"fusion-column-wrapper fusion-column-has-shadow fusion-flex-justify-content-space-around fusion-content-layout-column\"><div class=\"fusion-text fusion-text-6\" style=\"--awb-text-transform:none;\"><p style=\"text-align: center; margin-bottom: 5%;\"><em>Certificado de remuneraci\u00f3n cargo directivo &#8211; 20\/06\/2025<\/em><\/p>\n<\/div><div class=\"fusion-image-element \" style=\"--awb-caption-title-font-family:var(--h2_typography-font-family);--awb-caption-title-font-weight:var(--h2_typography-font-weight);--awb-caption-title-font-style:var(--h2_typography-font-style);--awb-caption-title-size:var(--h2_typography-font-size);--awb-caption-title-transform:var(--h2_typography-text-transform);--awb-caption-title-line-height:var(--h2_typography-line-height);--awb-caption-title-letter-spacing:var(--h2_typography-letter-spacing);--awb-filter:opacity(100%);--awb-filter-transition:filter 0.3s ease;--awb-filter-hover:opacity(50%);\"><span class=\" fusion-imageframe imageframe-none imageframe-5 hover-type-none\" style=\"border:1px solid #076633;\"><a href=\"https:\/\/preprod.envol-vert.org\/wp-content\/uploads\/2025\/06\/Certificado-remuneracion-cargo-directivo.png\" class=\"fusion-lightbox\" data-rel=\"iLightbox[9d58422d15fc6143e8f]\" data-title=\"Certificado remuneracion cargo directivo\" title=\"Certificado remuneracion cargo directivo\"><img decoding=\"async\" width=\"745\" height=\"1057\" src=\"https:\/\/preprod.envol-vert.org\/wp-content\/uploads\/2025\/06\/Certificado-remuneracion-cargo-directivo.png\" alt class=\"img-responsive wp-image-53168\" srcset=\"https:\/\/preprod.envol-vert.org\/wp-content\/uploads\/2025\/06\/Certificado-remuneracion-cargo-directivo-200x284.png 200w, https:\/\/preprod.envol-vert.org\/wp-content\/uploads\/2025\/06\/Certificado-remuneracion-cargo-directivo-400x568.png 400w, https:\/\/preprod.envol-vert.org\/wp-content\/uploads\/2025\/06\/Certificado-remuneracion-cargo-directivo-600x851.png 600w, https:\/\/preprod.envol-vert.org\/wp-content\/uploads\/2025\/06\/Certificado-remuneracion-cargo-directivo.png 745w\" sizes=\"(max-width: 1024px) 100vw, (max-width: 640px) 100vw, 200px\" \/><\/a><\/span><\/div><\/div><\/div><div class=\"fusion-layout-column fusion_builder_column fusion-builder-column-6 fusion_builder_column_1_5 1_5 fusion-flex-column fusion-flex-align-self-stretch\" style=\"--awb-padding-top:5%;--awb-padding-right:5%;--awb-padding-bottom:5%;--awb-padding-left:5%;--awb-bg-color:rgba(154,206,163,0.32);--awb-bg-color-hover:rgba(154,206,163,0.32);--awb-bg-size:cover;--awb-width-large:20%;--awb-margin-top-large:0px;--awb-spacing-right-large:9.6%;--awb-margin-bottom-large:20px;--awb-spacing-left-large:9.6%;--awb-width-medium:100%;--awb-order-medium:0;--awb-spacing-right-medium:1.92%;--awb-spacing-left-medium:1.92%;--awb-width-small:100%;--awb-order-small:0;--awb-spacing-right-small:1.92%;--awb-spacing-left-small:1.92%;\"><div class=\"fusion-column-wrapper fusion-column-has-shadow fusion-flex-justify-content-space-around fusion-content-layout-column\"><div class=\"fusion-text fusion-text-7\" style=\"--awb-text-transform:none;\"><p style=\"text-align: center; margin-bottom: 5%;\"><em>Solicitud presentada &#8211; 20\/06\/2025<\/em><\/p>\n<\/div><div class=\"fusion-image-element \" style=\"--awb-caption-title-font-family:var(--h2_typography-font-family);--awb-caption-title-font-weight:var(--h2_typography-font-weight);--awb-caption-title-font-style:var(--h2_typography-font-style);--awb-caption-title-size:var(--h2_typography-font-size);--awb-caption-title-transform:var(--h2_typography-text-transform);--awb-caption-title-line-height:var(--h2_typography-line-height);--awb-caption-title-letter-spacing:var(--h2_typography-letter-spacing);--awb-filter:opacity(100%);--awb-filter-transition:filter 0.3s ease;--awb-filter-hover:opacity(50%);\"><span class=\" fusion-imageframe imageframe-none imageframe-6 hover-type-none\" style=\"border:1px solid #076633;\"><a href=\"https:\/\/preprod.envol-vert.org\/wp-content\/uploads\/2025\/06\/Solicitud.png\" class=\"fusion-lightbox\" data-rel=\"iLightbox[54f3ecd8da4294e0adc]\" data-title=\"Solicitud\" title=\"Solicitud\"><img decoding=\"async\" width=\"624\" height=\"808\" src=\"https:\/\/preprod.envol-vert.org\/wp-content\/uploads\/2025\/06\/Solicitud.png\" alt class=\"img-responsive wp-image-53172\" srcset=\"https:\/\/preprod.envol-vert.org\/wp-content\/uploads\/2025\/06\/Solicitud-200x259.png 200w, https:\/\/preprod.envol-vert.org\/wp-content\/uploads\/2025\/06\/Solicitud-400x518.png 400w, https:\/\/preprod.envol-vert.org\/wp-content\/uploads\/2025\/06\/Solicitud-600x777.png 600w, https:\/\/preprod.envol-vert.org\/wp-content\/uploads\/2025\/06\/Solicitud.png 624w\" sizes=\"(max-width: 1024px) 100vw, (max-width: 640px) 100vw, 200px\" \/><\/a><\/span><\/div><\/div><\/div><\/div><\/div>\n","protected":false},"excerpt":{"rendered":"","protected":false},"author":114,"featured_media":0,"parent":0,"menu_order":0,"comment_status":"closed","ping_status":"closed","template":"100-width.php","meta":{"footnotes":""},"class_list":["post-38788","page","type-page","status-publish","hentry"],"_links":{"self":[{"href":"https:\/\/preprod.envol-vert.org\/es\/wp-json\/wp\/v2\/pages\/38788","targetHints":{"allow":["GET"]}}],"collection":[{"href":"https:\/\/preprod.envol-vert.org\/es\/wp-json\/wp\/v2\/pages"}],"about":[{"href":"https:\/\/preprod.envol-vert.org\/es\/wp-json\/wp\/v2\/types\/page"}],"author":[{"embeddable":true,"href":"https:\/\/preprod.envol-vert.org\/es\/wp-json\/wp\/v2\/users\/114"}],"replies":[{"embeddable":true,"href":"https:\/\/preprod.envol-vert.org\/es\/wp-json\/wp\/v2\/comments?post=38788"}],"version-history":[{"count":0,"href":"https:\/\/preprod.envol-vert.org\/es\/wp-json\/wp\/v2\/pages\/38788\/revisions"}],"wp:attachment":[{"href":"https:\/\/preprod.envol-vert.org\/es\/wp-json\/wp\/v2\/media?parent=38788"}],"curies":[{"name":"wp","href":"https:\/\/api.w.org\/{rel}","templated":true}]}}