{"id":31982,"date":"2020-11-18T21:15:20","date_gmt":"2020-11-18T20:15:20","guid":{"rendered":"https:\/\/bylandry.com\/envert-v2\/?page_id=31982"},"modified":"2023-12-11T15:33:24","modified_gmt":"2023-12-11T13:33:24","slug":"advertancia-legal","status":"publish","type":"page","link":"https:\/\/preprod.envol-vert.org\/es\/advertancia-legal\/","title":{"rendered":"Menciones legales"},"content":{"rendered":"<div class=\"fusion-fullwidth fullwidth-box fusion-builder-row-1 nonhundred-percent-fullwidth non-hundred-percent-height-scrolling\" style=\"--awb-border-radius-top-left:0px;--awb-border-radius-top-right:0px;--awb-border-radius-bottom-right:0px;--awb-border-radius-bottom-left:0px;--awb-flex-wrap:wrap;\" ><div class=\"fusion-builder-row fusion-row\"><div class=\"fusion-layout-column fusion_builder_column fusion-builder-column-0 fusion_builder_column_1_1 1_1 fusion-one-full fusion-column-first fusion-column-last\" style=\"--awb-bg-size:cover;--awb-margin-bottom:0px;\"><div class=\"fusion-column-wrapper fusion-flex-column-wrapper-legacy\"><div class=\"fusion-text fusion-text-1\" style=\"--awb-text-transform:none;\"><h2><strong>INFORMACI\u00d3N LEGAL<\/strong><\/h2>\n<h3><strong>La presente informaci\u00f3n legal se aplica al sitio https:\/\/preprod.envol-vert.org y a todos los sitios de eventos realizados por Envol Vert, incluyendo la <a href=\"https:\/\/huella-forestal.org\/quizz\/\" target=\"_blank\" rel=\"noopener\">Huella Forestal<\/a>, el <a href=\"http:\/\/effet-papillon.envol-vert.org\/\">Efecto Mariposa<\/a>, <a href=\"https:\/\/derrierelesarbres.fr\/\" target=\"_blank\" rel=\"noopener\">Detr\u00e1s de los \u00e1rboles<\/a>, y las encuestas realizadas con LimeSurvey.<\/strong><\/h3>\n<h3><strong>1. Presentaci\u00f3n del sitio.<\/strong><\/h3>\n<p><span style=\"font-weight: 400;\">En virtud del art\u00edculo 6 de la Ley N\u00b0 2004-575, del 21 de junio del 2004 para la confianza en la econom\u00eda digital, se precisa a los usuarios del sitio <a href=\"https:\/\/preprod.envol-vert.org\/es\/\">https:\/\/preprod.envol-vert.org<\/a> y todos los sitios de eventos producidos por Envol Vert descritos en introducci\u00f3n, la identidad de las diversas partes interesadas en el curso de su aplicaci\u00f3n y seguimiento:<\/span><\/p>\n<p><span style=\"font-weight: 400;\">Propietario: Envol Vert &#8211; Envol Vert, BP 61029, 34 006 Montpellier Cedex 1<\/span><\/p>\n<p><span style=\"font-weight: 400;\">Creado por: <a href=\"http:\/\/www.mathieu-loirette.com\" target=\"_blank\" rel=\"noopener\">Mathieu Loirette<\/a> y <a href=\"https:\/\/eko.co\/\" target=\"_blank\" rel=\"noopener\">Gregoire Deback (Eko &amp; Co)<\/a><\/span><\/p>\n<p><span style=\"font-weight: 400;\">Responsable de publicaci\u00f3n: Envol Vert &#8211; contact@envol-vert.org<\/span><\/p>\n<p><span style=\"font-weight: 400;\">El responsable de publicaci\u00f3n es una entidad jur\u00eddica.<\/span><\/p>\n<p><span style=\"font-weight: 400;\">Cr\u00e9ditos: Las menciones legales fueron generadas por <a href=\"https:\/\/www.subdelirium.com\/\" target=\"_blank\" rel=\"noopener\">SubDelirium Communication Charente<\/a><\/span><\/p>\n<p><span style=\"font-weight: 400;\">Anfitri\u00f3n: OVH &#8211; 2 Kellermann Street 59100 Roubaix &#8211; Francia<\/span><\/p>\n<h3>2. Condiciones generales de uso del sitio y de los servicios ofrecidos.<\/h3>\n<p><span style=\"font-weight: 400;\">El uso del sitio <a href=\"https:\/\/preprod.envol-vert.org\/es\/\">https:\/\/preprod.envol-vert.org<\/a> y de todos los sitios de eventos realizados por Envol Vert descritos en la introducci\u00f3n implica la aceptaci\u00f3n plena y total de las condiciones generales de uso descritas a continuaci\u00f3n. Estas condiciones de uso son susceptibles de modificaci\u00f3n o complementaci\u00f3n en cualquier momento, por lo que los usuarios del sitio de <a href=\"https:\/\/preprod.envol-vert.org\/es\/\">https:\/\/preprod.envol-vert.org<\/a> y de todos los sitios de eventos creados por Envol Vert descritos en la introducci\u00f3n son invitados a consultarlas regularmente.<\/span><\/p>\n<p><span style=\"font-weight: 400;\">Este sitio y todos los sitios de eventos creados por Envol Vert descritos en la introducci\u00f3n son normalmente accesibles en cualquier momento para los usuarios. Sin embargo, Envol Vert puede decidir una interrupci\u00f3n debido a mantenimiento t\u00e9cnico y se esforzar\u00e1 por comunicar con anticipaci\u00f3n a los usuarios las fechas y horas de intervenci\u00f3n.<\/span><\/p>\n<p><span style=\"font-weight: 400;\">El sitio <a href=\"https:\/\/preprod.envol-vert.org\/es\/\">https:\/\/preprod.envol-vert.org<\/a> y todos los sitios de eventos realizados por Envol Vert descritos en la introducci\u00f3n son actualizados regularmente por Envol Vert. De la misma manera, las menciones legales pueden ser cambiadas en cualquier momento: Siendo estas necesarias para el usuario, se le invita a consultarlas tan a menudo como sea posible con el fin de tomar conocimiento de todo cambio.<\/span><\/p>\n<h3>3. Descripci\u00f3n de los servicios prestados.<\/h3>\n<p><span style=\"font-weight: 400;\">El sitio web <a href=\"https:\/\/preprod.envol-vert.org\/es\/\">https:\/\/preprod.envol-vert.org<\/a> y todos los sitios de eventos realizados por Envol Vert descritos en la introducci\u00f3n est\u00e1n destinados a proporcionar informaci\u00f3n sobre todas las actividades de la asociaci\u00f3n.<\/span><\/p>\n<p><span style=\"font-weight: 400;\">Envol Vert se esfuerza por proporcionar en el sitio <a href=\"https:\/\/preprod.envol-vert.org\/es\/\">https:\/\/preprod.envol-vert.org<\/a> y en todos los sitios de eventos realizados por Envol Vert descritos en introducci\u00f3n la informaci\u00f3n m\u00e1s precisa posible. Sin embargo, no puede ser considerada responsable de omisiones, inexactitudes y deficiencias en la actualizaci\u00f3n, ya sea por su propia acci\u00f3n o por terceros asociados que proporcionen esta informaci\u00f3n.<\/span><\/p>\n<p><span style=\"font-weight: 400;\">Toda la informaci\u00f3n en el sitio web <a href=\"https:\/\/preprod.envol-vert.org\/es\/\">https:\/\/preprod.envol-vert.org<\/a> y en todos los sitios de eventos realizados por Envol Vert descritos en la introducci\u00f3n es proporcionada a t\u00edtulo indicativo y es susceptible de cambio. Por otra parte, la informaci\u00f3n indicada en el sitio web <a href=\"https:\/\/preprod.envol-vert.org\/es\/\">https:\/\/preprod.envol-vert.org<\/a> y en todos los sitios de eventos realizados por Envol Vert descritos en la introducci\u00f3n, no es exhaustiva. Son proporcionados bajo reserva de cambio desde el mismo momento de su publicaci\u00f3n en l\u00ednea.<\/span><\/p>\n<h3>4. Limitaciones contractuales de los datos t\u00e9cnicos.<\/h3>\n<p><span style=\"font-weight: 400;\">El sitio utiliza tecnolog\u00eda JavaScript.<\/span><\/p>\n<p><span style=\"font-weight: 400;\">El sitio de internet no se hace responsable de da\u00f1os materiales producto del uso del sitio. Adem\u00e1s, el usuario del sitio se compromete a acceder al sitio utilizando hardware de \u00faltima generaci\u00f3n, libre de virus inform\u00e1tico y con un navegador actualizado.<\/span><\/p>\n<h3>5. Propiedad intelectual y falsificaciones.<\/h3>\n<p><span style=\"font-weight: 400;\">Envol Vert posee los derechos de propiedad intelectual o tiene los derechos de uso de todos los elementos accesibles en el sitio, incluidos textos, im\u00e1genes, gr\u00e1ficos, logotipos, iconos, sonidos y software.<\/span><\/p>\n<p><span style=\"font-weight: 400;\">Queda prohibida cualquier reproducci\u00f3n, representaci\u00f3n, modificaci\u00f3n, publicaci\u00f3n, adaptaci\u00f3n de la totalidad o parte de los elementos del sitio, independientemente de los medios o procesos utilizados, a menos que se disponga de una autorizaci\u00f3n escrita previamente de Envol Vert.<\/span><\/p>\n<p><span style=\"font-weight: 400;\">Toda explotaci\u00f3n no autorizada del sitio o cualquiera de los elementos contenidos en el mismo se considerar\u00e1 infracci\u00f3n y se proceder\u00e1 de manera contenciosa de conformidad con las disposiciones de los art\u00edculos L.335-2 y siguientes del C\u00f3digo de Propiedad Intelectual.<\/span><\/p>\n<h3>6. Limitaciones de responsabilidad.<\/h3>\n<p><span style=\"font-weight: 400;\">Envol Vert no se hace responsable de los da\u00f1os directos e indirectos causados al equipo del usuario, al acceder al sitio de Envol Vert, o resultado del uso de equipos que no cumplan con las especificaciones indicadas en el punto 4, o de la aparici\u00f3n de un error o una incompatibilidad.<\/span><\/p>\n<p><span style=\"font-weight: 400;\">Envol Vert tampoco puede ser considerada responsable de da\u00f1os indirectos (como p\u00e9rdida de mercado o p\u00e9rdida de oportunidad) como resultado del uso del sitio <a href=\"https:\/\/preprod.envol-vert.org\/es\/\">https:\/\/preprod.envol-vert.org<\/a> y\/o de todos los sitios de eventos realizados por Envol Vert descritos en la introducci\u00f3n.<\/span><\/p>\n<p><span style=\"font-weight: 400;\">Los espacios interactivos (posibilidad de hacer preguntas en el \u00e1rea de contacto) est\u00e1n a disposici\u00f3n de los usuarios. Envol Vert se reserva el derecho de eliminar, sin previo aviso, cualquier contenido depositado en este espacio que contradiga la legislaci\u00f3n aplicable en Francia, en particular las disposiciones de protecci\u00f3n de datos. En caso contrario, Envol Vert se reserva igualmente el derecho de proceder de manera contenciosa la responsabilidad civil y\/o penal del usuario, especialmente en caso de mensajes de car\u00e1cter racista, ofensivo, difamatorio o pornogr\u00e1fico, independientemente del medio utilizado (texto, fotograf\u00eda, etc.).<\/span><\/p>\n<h3>7. Gesti\u00f3n de datos personales.<\/h3>\n<p><span style=\"font-weight: 400;\">En Francia, los datos personales est\u00e1n protegidos por la Ley N\u00b0 78-87, del 6 de enero de 1978, la Ley N\u00ba 2004-801, del 6 de agosto de 2004, el art\u00edculo L. 226-13 del C\u00f3digo Penal y la Directiva Europea, del 24 de octubre de 1995.<\/span><\/p>\n<p><span style=\"font-weight: 400;\">Con motivo del uso del sitio <a href=\"https:\/\/preprod.envol-vert.org\/es\/\">https:\/\/preprod.envol-vert.org<\/a> y de todos los sitios de eventos realizados por Envol Vert descritos en introducci\u00f3n, pueden ser recopilados: la URL de los enlaces a trav\u00e9s de los cuales el usuario accedi\u00f3 a los sitios, el proveedor de acceso del usuario y la direcci\u00f3n de protocolo de Internet (IP) del usuario.<\/span><\/p>\n<p><span style=\"font-weight: 400;\">En cualquier caso, Envol Vert recopila informaci\u00f3n personal sobre el usuario \u00fanicamente por la necesidad de determinados servicios ofrecidos por el sitio de <a href=\"https:\/\/preprod.envol-vert.org\/es\/\">https:\/\/preprod.envol-vert.org<\/a> y por todos los sitios de eventos realizados por Envol Vert descritos en la introducci\u00f3n. El usuario proporciona esta informaci\u00f3n con pleno conocimiento de los hechos, especialmente cuando entra por su cuenta. A continuaci\u00f3n, se especifica al usuario del sitio <a href=\"https:\/\/preprod.envol-vert.org\/es\/\">https:\/\/preprod.envol-vert.org<\/a> y de todos los sitios de eventos realizados por Envol Vert descritos en la introducci\u00f3n de la obligaci\u00f3n o no de proporcionar esta informaci\u00f3n.<\/span><\/p>\n<p><span style=\"font-weight: 400;\">De conformidad con lo dispuesto en el art\u00edculo 38 y siguientes de la Ley 78-17, del 6 de enero de 1978, relativo a la inform\u00e1tica, a los archivos y libertades, todo usuario tiene derecho a acceder, corregir y oponerse a los datos personales que le conciernen, mediante la realizaci\u00f3n de una solicitud escrita y firmada, acompa\u00f1ada de una copia de su documento de identidad que contenga la firma del titular de la pieza, especificando la direcci\u00f3n a la que debe enviarse la respuesta.<\/span><\/p>\n<p><span style=\"font-weight: 400;\">No se publica ninguna informaci\u00f3n personal del usuario del sitio <a href=\"https:\/\/preprod.envol-vert.org\/es\/\">https:\/\/preprod.envol-vert.org<\/a> y de todos los sitios de eventos realizados por Envol Vert descritos en la introducci\u00f3n sin el conocimiento del usuario, intercambiado, transferido, cedido o vendido en cualquier formato a terceros. S\u00f3lo bajo la hip\u00f3tesis de una compra de Envol Vert y sus derechos permitir\u00eda la transmisi\u00f3n de dicha informaci\u00f3n al posible comprador quien a su vez ser\u00eda responsable de la misma obligaci\u00f3n de conservar y modificar los datos frente al usuario del sitio <a href=\"https:\/\/preprod.envol-vert.org\/es\/\">https:\/\/preprod.envol-vert.org<\/a> y de todos los sitios de eventos realizados por Envol Vert descritos en la introducci\u00f3n.<\/span><\/p>\n<p><span style=\"font-weight: 400;\">El sitio no es reportado a la CNIL porque no recopila informaci\u00f3n personal.<\/span><\/p>\n<p><span style=\"font-weight: 400;\">Las bases de datos est\u00e1n protegidas por las disposiciones de la Ley del 1 de julio de 1998 por la que se transpone la Directiva 96\/9, del 11 de marzo de 1996, relativa a la protecci\u00f3n jur\u00eddica de las bases de datos.<\/span><\/p>\n<h3>8. Hiperv\u00ednculos y cookies.<\/h3>\n<p><span style=\"font-weight: 400;\">El sitio <a href=\"https:\/\/preprod.envol-vert.org\/es\/\">https:\/\/preprod.envol-vert.org<\/a> y todos los sitios de eventos realizados por Envol Vert descritos en la introducci\u00f3n contienen una serie de hiperv\u00ednculos a otros sitios, configurados con el permiso de Envol Vert. Sin embargo, Envol Vert no tiene la capacidad de verificar el contenido de los sitios visitados de esta manera y por lo tanto no asumir\u00e1 ninguna responsabilidad por este hecho.<\/span><\/p>\n<p><span style=\"font-weight: 400;\">La navegaci\u00f3n en el sitio de <a href=\"https:\/\/preprod.envol-vert.org\/es\/\">https:\/\/preprod.envol-vert.org<\/a> y en todos los sitios de eventos realizados por Envol Vert descritos en la introducci\u00f3n es probable que cause la instalaci\u00f3n de cookies en el ordenador del usuario. Un cookie es un peque\u00f1o archivo, que no identifica al usuario, pero que registra informaci\u00f3n sobre la navegaci\u00f3n de un ordenador en un sitio. Los datos obtenidos est\u00e1n destinados a facilitar una mejor navegaci\u00f3n en el sitio y tambi\u00e9n est\u00e1n destinados a permitir diversas medidas de frecuentaci\u00f3n.<\/span><\/p>\n<p><span style=\"font-weight: 400;\">La negativa a instalar un cookie puede dar lugar a la imposibilidad de acceder a determinados servicios. Sin embargo, el usuario puede configurar su ordenador de la siguiente manera, para negarse a instalar cookies:<\/span><\/p>\n<p><span style=\"font-weight: 400;\">En Internet Explorer: pesta\u00f1a de herramientas \/opciones de Internet. Haga clic en Privacidad y elija Bloquear todas las cookies. Valide con Ok.<\/span><\/p>\n<p><span style=\"font-weight: 400;\">En Netscape: pesta\u00f1a edici\u00f3n\/preferencias. Haga clic en Avanzado y elija Desactivar cookies. Valide con Ok.<\/span><\/p>\n<h3>9. Ley aplicable y atribuciones de jurisdicci\u00f3n.<\/h3>\n<p><span style=\"font-weight: 400;\">Cualquier disputa relacionada con el uso del sitio de <a href=\"https:\/\/preprod.envol-vert.org\/es\/\">https:\/\/preprod.envol-vert.org<\/a> y de todos los sitios de eventos realizados por Envol Vert descritos en la introducci\u00f3n est\u00e1n sujetos a la legislaci\u00f3n francesa. Se otorga exclusivamente competencia a los tribunales competentes de Par\u00eds.<\/span><\/p>\n<h3>10. Principales leyes involucradas.<\/h3>\n<p><span style=\"font-weight: 400;\">Ley 78-87 del 6 de enero de 1978, modificada en particular por la Ley N\u00b0 2004-801 del 6 de agosto del 2004 relativa a inform\u00e1tica, archivos y libertades.<\/span><\/p>\n<p><span style=\"font-weight: 400;\">Ley 2004-575, del 21 de junio de 2004, de confianza en la econom\u00eda digital.<\/span><\/p>\n<h3>11. Conceptos.<\/h3>\n<p><span style=\"font-weight: 400;\">Usuario: Internauta conectado, utilizando el sitio en menci\u00f3n.<\/span><\/p>\n<p><span style=\"font-weight: 400;\">Informaci\u00f3n personal: \u00abinformaci\u00f3n que permita, bajo cualquier forma, directa o no, la identificaci\u00f3n de las personas f\u00edsicas concernientes\u00bb (Art\u00edculo 4 de la Ley 78-17 del 6 de enero de 1978).<\/span><\/p>\n<\/div><div class=\"fusion-clearfix\"><\/div><\/div><\/div><\/div><\/div>\n","protected":false},"excerpt":{"rendered":"","protected":false},"author":114,"featured_media":0,"parent":0,"menu_order":0,"comment_status":"closed","ping_status":"closed","template":"","meta":{"footnotes":""},"class_list":["post-31982","page","type-page","status-publish","hentry"],"_links":{"self":[{"href":"https:\/\/preprod.envol-vert.org\/es\/wp-json\/wp\/v2\/pages\/31982","targetHints":{"allow":["GET"]}}],"collection":[{"href":"https:\/\/preprod.envol-vert.org\/es\/wp-json\/wp\/v2\/pages"}],"about":[{"href":"https:\/\/preprod.envol-vert.org\/es\/wp-json\/wp\/v2\/types\/page"}],"author":[{"embeddable":true,"href":"https:\/\/preprod.envol-vert.org\/es\/wp-json\/wp\/v2\/users\/114"}],"replies":[{"embeddable":true,"href":"https:\/\/preprod.envol-vert.org\/es\/wp-json\/wp\/v2\/comments?post=31982"}],"version-history":[{"count":0,"href":"https:\/\/preprod.envol-vert.org\/es\/wp-json\/wp\/v2\/pages\/31982\/revisions"}],"wp:attachment":[{"href":"https:\/\/preprod.envol-vert.org\/es\/wp-json\/wp\/v2\/media?parent=31982"}],"curies":[{"name":"wp","href":"https:\/\/api.w.org\/{rel}","templated":true}]}}